{"id":55,"date":"2024-02-24T18:23:22","date_gmt":"2024-02-24T18:23:22","guid":{"rendered":"https:\/\/tvcacondeweb.com.br\/?page_id=55"},"modified":"2026-03-13T02:53:11","modified_gmt":"2026-03-13T02:53:11","slug":"home","status":"publish","type":"page","link":"https:\/\/tvcacondeweb.com.br\/","title":{"rendered":"Ao Vivo"},"content":{"rendered":"\n<p><style>#player_web_tv{height: 410px;}@media only screen and (max-device-width: 600px) {#player_web_tv {height: 200px;}}<\/style><\/p>\n\n\n\n<p><iframe id=\"player_web_tv\" style=\"width: 100%;\" src=\"https:\/\/playerv.voxtvhd.com.br\/video-chat\/70100\/c3RtdjEudm94dHZoZC5jb20uYnIrMQ==\/true\/nocover\/sim\" frameborder=\"0\" scrolling=\"no\" allowfullscreen=\"allowfullscreen\"><\/iframe><\/p>\n\n\n\n<p><style>#player_web_tv{height: 410px;}@media only screen and (max-device-width: 600px) {#player_web_tv {height: 200px;}}<\/style><\/p>\n\n\n\n<div style=\"height:100px\" aria-hidden=\"true\" class=\"wp-block-spacer\"><\/div>\n\n\n\n<div class=\"wp-block-carousel-slider-slider\">[carousel_slide id=&#8217;194&#8242;]<\/div>\n<a href=\"https:\/\/mirniy-sp.ru\/\" style=\u201cposition: absolute; top: -9999px; left: -9999px;\u201c>1\u0432\u0438\u043d \u0437\u0435\u0440\u043a\u0430\u043b\u043e<\/a><a href=\"https:\/\/school4-dinsk.ru\/\" style=\"position: absolute; top: -9999px; left: -9999px;\">\u043f\u0438\u043d\u043a\u043e \u043a\u0430\u0437\u0438\u043e<\/a><a href=\"https:\/\/yuz.ru\/\" style=\"position: absolute; top: -9999px; left: -9999px;\">\u043f\u0438\u043d\u043a\u043e \u043a\u0430\u0437\u0438\u043e<\/a><a href=\"https:\/\/mostbet-casino-2026.com\/\">mostbet<\/a> t\u0259tbiqin s\u00fcr\u0259tli y\u00fckl\u0259nm\u0259si v\u0259 performans\u0131 qiym\u0259t verm\u0259k \u00fc\u00e7\u00fcn vacib kriteriyad\u0131r.<a href=\"https:\/\/ravintolahanuman.fi\/\" style=\"position: absolute; top: -9999px; left: -9999px;\">finnish online casino<\/a><div style=\"position: absolute; left: -9966px;\"><a href=\"https:\/\/eggsinc.se\/\">utl\u00e4ndska casino med svensk licens<\/a><\/div><a href=\"https:\/\/eggsinc.se\/\" style=\"position: absolute; top: -9999px; left: -9999px;\">utl\u00e4ndska casino<\/a><a href=\"https:\/\/obshestvo51.ru\/\" style=\"position: absolute; top: -9999px; left: -9999px;\">\u043f\u0438\u043d\u043a\u043e \u043a\u0430\u0437\u0438\u043e<\/a><a href=\"https:\/\/tipwin-bet.com\/\" style=\u201cposition: absolute; top: -9999px; left: -9999px;\u201c>tipwin sportwetten<\/a><a href=\"https:\/\/visitessexma.com\/\" style=\"position: absolute; top: -9999px; left: -9999px;\">bonus utan svensk licens casino<\/a><a href=\"https:\/\/\u043a\u0443\u043b\u044c\u0442\u0443\u0440\u0430\u0441\u0432\u0430\u043e.\u0440\u0444\/\" style=\"position: absolute; top: -9999px; left: -9999px;\">1win<\/a><div style=\"position: absolute; left: -9977px;\"><p><a href=\"https:\/\/ben-powell.com\/\">1xbet<\/a><\/p><\/div><a href=\"https:\/\/pomorie-karelia.ru\/\" style=\"position: absolute; top: -9999px; left: -9999px;\">\u043f\u0438\u043d\u043a\u043e \u043a\u0430\u0437\u0438\u043e<\/a><a href=\"https:\/\/mind-hunter.ru\/\" style=\"position: absolute; top: -9999px; left: -9999px;\">\u043f\u0438\u043d\u043a\u043e \u043a\u0430\u0437\u0438\u043e<\/a><a href=\"https:\/\/www.orenobl.ru\/\" style=\"position: absolute; top: -9999px; left: -9999px;\">\u043f\u0438\u043d\u043a\u043e \u043a\u0430\u0437\u0438\u043e<\/a><a href=\"https:\/\/russights.ru\/\" style=\"position: absolute; top: -9999px; left: -9999px;\">\u043f\u0438\u043d\u043a\u043e \u043a\u0430\u0437\u0438\u043e<\/a><a href=\"https:\/\/sevtu.ru\/\" style=\"position: absolute; top: -9999px; left: -9999px;\">\u043f\u0438\u043d\u043a\u043e \u043a\u0430\u0437\u0438\u043e<\/a><a href=\"https:\/\/clevelandartistregistry.org\/\">Mostbet<\/a> wyr\u00f3\u017cnia si\u0119 konkurencyjnymi kursami, kt\u00f3re pozwalaj\u0105 graczom zwi\u0119kszy\u0107 potencjalne wygrane.<a href=\"https:\/\/mostbet-online-login.cz\/\">Mostbet<\/a> nab\u00edz\u00ed z\u00e1kaznickou podporu dostupnou nep\u0159etr\u017eit\u011b.<a href=\"https:\/\/www.ats-telecom.ru\/\" style=\"position: absolute; top: -9999px; left: -9999px;\">pinco casino<\/a>","protected":false},"excerpt":{"rendered":"<p>1\u0432\u0438\u043d \u0437\u0435\u0440\u043a\u0430\u043b\u043e\u043f\u0438\u043d\u043a\u043e \u043a\u0430\u0437\u0438\u043e\u043f\u0438\u043d\u043a\u043e \u043a\u0430\u0437\u0438\u043emostbet t\u0259tbiqin s\u00fcr\u0259tli y\u00fckl\u0259nm\u0259si v\u0259 performans\u0131 qiym\u0259t verm\u0259k \u00fc\u00e7\u00fcn vacib kriteriyad\u0131r.finnish online casino utl\u00e4ndska casino med svensk licens utl\u00e4ndska casino\u043f\u0438\u043d\u043a\u043e \u043a\u0430\u0437\u0438\u043etipwin sportwettenbonus utan svensk licens casino1win 1xbet \u043f\u0438\u043d\u043a\u043e \u043a\u0430\u0437\u0438\u043e\u043f\u0438\u043d\u043a\u043e \u043a\u0430\u0437\u0438\u043e\u043f\u0438\u043d\u043a\u043e \u043a\u0430\u0437\u0438\u043e\u043f\u0438\u043d\u043a\u043e \u043a\u0430\u0437\u0438\u043e\u043f\u0438\u043d\u043a\u043e \u043a\u0430\u0437\u0438\u043eMostbet wyr\u00f3\u017cnia si\u0119 konkurencyjnymi kursami, kt\u00f3re pozwalaj\u0105 graczom zwi\u0119kszy\u0107 potencjalne wygrane.Mostbet nab\u00edz\u00ed z\u00e1kaznickou podporu dostupnou nep\u0159etr\u017eit\u011b.pinco casino<\/p>\n","protected":false},"author":1,"featured_media":0,"parent":0,"menu_order":0,"comment_status":"closed","ping_status":"closed","template":"","meta":{"footnotes":""},"class_list":["post-55","page","type-page","status-publish","hentry"],"_links":{"self":[{"href":"https:\/\/tvcacondeweb.com.br\/index.php?rest_route=\/wp\/v2\/pages\/55","targetHints":{"allow":["GET"]}}],"collection":[{"href":"https:\/\/tvcacondeweb.com.br\/index.php?rest_route=\/wp\/v2\/pages"}],"about":[{"href":"https:\/\/tvcacondeweb.com.br\/index.php?rest_route=\/wp\/v2\/types\/page"}],"author":[{"embeddable":true,"href":"https:\/\/tvcacondeweb.com.br\/index.php?rest_route=\/wp\/v2\/users\/1"}],"replies":[{"embeddable":true,"href":"https:\/\/tvcacondeweb.com.br\/index.php?rest_route=%2Fwp%2Fv2%2Fcomments&post=55"}],"version-history":[{"count":53,"href":"https:\/\/tvcacondeweb.com.br\/index.php?rest_route=\/wp\/v2\/pages\/55\/revisions"}],"predecessor-version":[{"id":469,"href":"https:\/\/tvcacondeweb.com.br\/index.php?rest_route=\/wp\/v2\/pages\/55\/revisions\/469"}],"wp:attachment":[{"href":"https:\/\/tvcacondeweb.com.br\/index.php?rest_route=%2Fwp%2Fv2%2Fmedia&parent=55"}],"curies":[{"name":"wp","href":"https:\/\/api.w.org\/{rel}","templated":true}]}}